{"id":158,"date":"2020-06-08T08:02:45","date_gmt":"2020-06-08T07:02:45","guid":{"rendered":"http:\/\/fiskebekk.mikkel.demo1.no\/?page_id=158"},"modified":"2020-06-08T08:02:45","modified_gmt":"2020-06-08T07:02:45","slug":"laftevatt","status":"publish","type":"page","link":"https:\/\/www.sollidlaft.no\/?page_id=158","title":{"rendered":"Laftevatt"},"content":{"rendered":"\n<p>Be om Polypropen-filtband n\u00e5r du skal isolere din nye t\u00f8mmerhytte.<br><\/p>\n\n\n\n<div class=\"wp-block-image\"><figure class=\"alignright size-large\"><img loading=\"lazy\" width=\"392\" height=\"344\" src=\"http:\/\/fiskebekk.mikkel.demo1.no\/wp-content\/uploads\/2020\/06\/vatt2.jpg\" alt=\"\" class=\"wp-image-141\" srcset=\"https:\/\/www.sollidlaft.no\/wp-content\/uploads\/2020\/06\/vatt2.jpg 392w, https:\/\/www.sollidlaft.no\/wp-content\/uploads\/2020\/06\/vatt2-300x263.jpg 300w\" sizes=\"(max-width: 392px) 100vw, 392px\" \/><\/figure><\/div>\n\n\n\n<ul><li>Trekker ikkje vatn Vassoppsuget er under 0.03%, derfor rotnar ikkje laftevatten, trekker ikkje til seg st\u00f8v og dei mekaniske egenskapane varierer ikkje med v\u00ebret.<br><\/li><li>Ingen allergiske reaksjonar Laftevatten er giftfri og st\u00f8var ikkje. Gjev ikkje allergiske reaksjonar, og det kan derfor brukast i rom der mat blir oppbevart.<br><\/li><li>Giftfritt<br><\/li><li>Mikroorganismer trivst ikkje i bandet.<br><\/li><li>Myglar ikkje<br><\/li><li>Er sv\u00e6rt lett, veg bare 0,10 g\/cm3.<\/li><\/ul>\n\n\n\n<figure class=\"wp-block-image\"><img alt=\"\"\/><\/figure>\n","protected":false},"excerpt":{"rendered":"<p>Be om Polypropen-filtband n\u00e5r du skal isolere din nye t\u00f8mmerhytte. Trekker ikkje vatn Vassoppsuget er under 0.03%, derfor rotnar ikkje laftevatten, trekker ikkje til seg st\u00f8v og dei mekaniske egenskapane varierer ikkje med v\u00ebret. Ingen allergiske reaksjonar Laftevatten er giftfri og st\u00f8var ikkje. Gjev ikkje allergiske reaksjonar, og det kan derfor brukast i rom der &hellip; <\/p>\n<p class=\"link-more\"><a href=\"https:\/\/www.sollidlaft.no\/?page_id=158\" class=\"more-link\">Hald fram med \u00e5 lese<span class=\"screen-reader-text\"> \u00abLaftevatt\u00bb<\/span><\/a><\/p>\n","protected":false},"author":1,"featured_media":0,"parent":0,"menu_order":0,"comment_status":"closed","ping_status":"closed","template":"","meta":[],"_links":{"self":[{"href":"https:\/\/www.sollidlaft.no\/index.php?rest_route=\/wp\/v2\/pages\/158"}],"collection":[{"href":"https:\/\/www.sollidlaft.no\/index.php?rest_route=\/wp\/v2\/pages"}],"about":[{"href":"https:\/\/www.sollidlaft.no\/index.php?rest_route=\/wp\/v2\/types\/page"}],"author":[{"embeddable":true,"href":"https:\/\/www.sollidlaft.no\/index.php?rest_route=\/wp\/v2\/users\/1"}],"replies":[{"embeddable":true,"href":"https:\/\/www.sollidlaft.no\/index.php?rest_route=%2Fwp%2Fv2%2Fcomments&post=158"}],"version-history":[{"count":1,"href":"https:\/\/www.sollidlaft.no\/index.php?rest_route=\/wp\/v2\/pages\/158\/revisions"}],"predecessor-version":[{"id":159,"href":"https:\/\/www.sollidlaft.no\/index.php?rest_route=\/wp\/v2\/pages\/158\/revisions\/159"}],"wp:attachment":[{"href":"https:\/\/www.sollidlaft.no\/index.php?rest_route=%2Fwp%2Fv2%2Fmedia&parent=158"}],"curies":[{"name":"wp","href":"https:\/\/api.w.org\/{rel}","templated":true}]}}