{"id":162,"date":"2020-06-08T08:05:31","date_gmt":"2020-06-08T07:05:31","guid":{"rendered":"http:\/\/fiskebekk.mikkel.demo1.no\/?page_id=162"},"modified":"2020-06-08T08:05:31","modified_gmt":"2020-06-08T07:05:31","slug":"hyttetomter","status":"publish","type":"page","link":"https:\/\/www.sollidlaft.no\/?page_id=162","title":{"rendered":"Hyttetomter"},"content":{"rendered":"\n<div class=\"wp-block-image\"><figure class=\"alignright size-large\"><img loading=\"lazy\" width=\"500\" height=\"375\" src=\"http:\/\/fiskebekk.mikkel.demo1.no\/wp-content\/uploads\/2020\/06\/IMG_3594.jpg\" alt=\"\" class=\"wp-image-120\" srcset=\"https:\/\/www.sollidlaft.no\/wp-content\/uploads\/2020\/06\/IMG_3594.jpg 500w, https:\/\/www.sollidlaft.no\/wp-content\/uploads\/2020\/06\/IMG_3594-300x225.jpg 300w\" sizes=\"(max-width: 500px) 100vw, 500px\" \/><\/figure><\/div>\n\n\n\n<figure class=\"wp-block-image size-large\"><img loading=\"lazy\" width=\"500\" height=\"375\" src=\"http:\/\/fiskebekk.mikkel.demo1.no\/wp-content\/uploads\/2020\/06\/DSCN2881.jpg\" alt=\"\" class=\"wp-image-60\" srcset=\"https:\/\/www.sollidlaft.no\/wp-content\/uploads\/2020\/06\/DSCN2881.jpg 500w, https:\/\/www.sollidlaft.no\/wp-content\/uploads\/2020\/06\/DSCN2881-300x225.jpg 300w\" sizes=\"(max-width: 500px) 100vw, 500px\" \/><\/figure>\n\n\n\n<figure class=\"wp-block-image size-large\"><img loading=\"lazy\" width=\"500\" height=\"422\" src=\"http:\/\/fiskebekk.mikkel.demo1.no\/wp-content\/uploads\/2020\/06\/DSCN2894.jpg\" alt=\"\" class=\"wp-image-61\" srcset=\"https:\/\/www.sollidlaft.no\/wp-content\/uploads\/2020\/06\/DSCN2894.jpg 500w, https:\/\/www.sollidlaft.no\/wp-content\/uploads\/2020\/06\/DSCN2894-300x253.jpg 300w\" sizes=\"(max-width: 500px) 100vw, 500px\" \/><\/figure>\n\n\n\n<p>15 flotte hyttetomter ved Gjevarvatnet (Vesleverden) 20km fra Rauland.Husmannsplass ved Gjevarvatn, \u00d8yfjell, Seljord kommune til salgs. Ikkje hus.<br>Del av reguleringsplan. 2 m\u00e5l tomt. \u00c5pen for \u00e5 bygge fleire bygg.<br>&nbsp;Ingen byggklausul.<\/p>\n","protected":false},"excerpt":{"rendered":"<p>15 flotte hyttetomter ved Gjevarvatnet (Vesleverden) 20km fra Rauland.Husmannsplass ved Gjevarvatn, \u00d8yfjell, Seljord kommune til salgs. Ikkje hus.Del av reguleringsplan. 2 m\u00e5l tomt. \u00c5pen for \u00e5 bygge fleire bygg.&nbsp;Ingen byggklausul.<\/p>\n","protected":false},"author":1,"featured_media":0,"parent":0,"menu_order":0,"comment_status":"closed","ping_status":"closed","template":"","meta":[],"_links":{"self":[{"href":"https:\/\/www.sollidlaft.no\/index.php?rest_route=\/wp\/v2\/pages\/162"}],"collection":[{"href":"https:\/\/www.sollidlaft.no\/index.php?rest_route=\/wp\/v2\/pages"}],"about":[{"href":"https:\/\/www.sollidlaft.no\/index.php?rest_route=\/wp\/v2\/types\/page"}],"author":[{"embeddable":true,"href":"https:\/\/www.sollidlaft.no\/index.php?rest_route=\/wp\/v2\/users\/1"}],"replies":[{"embeddable":true,"href":"https:\/\/www.sollidlaft.no\/index.php?rest_route=%2Fwp%2Fv2%2Fcomments&post=162"}],"version-history":[{"count":1,"href":"https:\/\/www.sollidlaft.no\/index.php?rest_route=\/wp\/v2\/pages\/162\/revisions"}],"predecessor-version":[{"id":163,"href":"https:\/\/www.sollidlaft.no\/index.php?rest_route=\/wp\/v2\/pages\/162\/revisions\/163"}],"wp:attachment":[{"href":"https:\/\/www.sollidlaft.no\/index.php?rest_route=%2Fwp%2Fv2%2Fmedia&parent=162"}],"curies":[{"name":"wp","href":"https:\/\/api.w.org\/{rel}","templated":true}]}}