{"id":7,"date":"2020-06-08T06:32:41","date_gmt":"2020-06-08T06:32:41","guid":{"rendered":"http:\/\/sollidlaft.no\/?page_id=7"},"modified":"2021-12-14T19:49:51","modified_gmt":"2021-12-14T18:49:51","slug":"about","status":"publish","type":"page","link":"https:\/\/www.sollidlaft.no\/?page_id=7","title":{"rendered":"Historikk"},"content":{"rendered":"\n<p><strong>Hallo alle kunst- og lafteinteresserte!<\/strong><\/p>\n\n\n\n<div class=\"wp-block-image\"><figure class=\"alignright size-large\"><img loading=\"lazy\" width=\"500\" height=\"375\" src=\"http:\/\/fiskebekk.mikkel.demo1.no\/wp-content\/uploads\/2020\/06\/IMG2905.jpg\" alt=\"\" class=\"wp-image-129\" srcset=\"https:\/\/www.sollidlaft.no\/wp-content\/uploads\/2020\/06\/IMG2905.jpg 500w, https:\/\/www.sollidlaft.no\/wp-content\/uploads\/2020\/06\/IMG2905-300x225.jpg 300w\" sizes=\"(max-width: 500px) 100vw, 500px\" \/><\/figure><\/div>\n\n\n\n<p>Sollid Lafteverkstad er ein liten bedrift etablert i 1960 av Olav Sollid, ein av 50- og 60-\u00e5ras mest kjende rosem\u00e5larar og trekunstnarar i Telemark. Etter 12 \u00e5r i min far&#8217;s tjeneste overtok eg roret i 1977 ,og namnet blei Sollid Lafteverkstad. Eg har pr\u00f8va \u00e5 vidaref\u00f8re den kvaliteten og tradisjonen som har vore gjennomgangsmelodien sidan min far byrja med lafting i 1960.&nbsp;<\/p>\n\n\n\n<p>Me bygger v\u00e5re produkt p\u00e5 den rike kunst- og handverkstradisjonen i \u00d8vre Telemark. Og har gjennom desse \u00e5r opparbeidd ein solid kundekrets.Med bl.annet det Norske Kongehus p\u00e5 v\u00e5r kundeliste. Marknaden v\u00e5r er i hovudsak Norge, men ein del av v\u00e5re hus og utskjeringsarbeid er g\u00e5tt til USA, Sverige Danmark og Tyskland. Ein del av v\u00e5r tid g\u00e5r ogs\u00e5 med til restaurering og konsulentverksemd.<\/p>\n\n\n\n<p>Me held til mellom Flatdal og Rauland. Etter \u00e5 ha pasert \u00c5motsdal g\u00e5r turen over heia til Drivarbekkdalen, her tek du til venstre mot Gjevarvatn og Sollid Lafteverkstad.<\/p>\n\n\n\n<p>adr: Gjevarvatn 811<\/p>\n\n\n\n<p>3890 Vinje<\/p>\n\n\n\n<p>Vonar ein del av det p\u00e5fylgjande kan vekke dykkar interesse.<\/p>\n\n\n\n<p>Venleg helsing<br>K\u00e5re Sollid<\/p>\n\n\n\n<p><\/p>\n","protected":false},"excerpt":{"rendered":"<p>Hallo alle kunst- og lafteinteresserte! Sollid Lafteverkstad er ein liten bedrift etablert i 1960 av Olav Sollid, ein av 50- og 60-\u00e5ras mest kjende rosem\u00e5larar og trekunstnarar i Telemark. Etter 12 \u00e5r i min far&#8217;s tjeneste overtok eg roret i 1977 ,og namnet blei Sollid Lafteverkstad. Eg har pr\u00f8va \u00e5 vidaref\u00f8re den kvaliteten og tradisjonen &hellip; <\/p>\n<p class=\"link-more\"><a href=\"https:\/\/www.sollidlaft.no\/?page_id=7\" class=\"more-link\">Hald fram med \u00e5 lese<span class=\"screen-reader-text\"> \u00abHistorikk\u00bb<\/span><\/a><\/p>\n","protected":false},"author":1,"featured_media":0,"parent":0,"menu_order":0,"comment_status":"closed","ping_status":"closed","template":"","meta":[],"_links":{"self":[{"href":"https:\/\/www.sollidlaft.no\/index.php?rest_route=\/wp\/v2\/pages\/7"}],"collection":[{"href":"https:\/\/www.sollidlaft.no\/index.php?rest_route=\/wp\/v2\/pages"}],"about":[{"href":"https:\/\/www.sollidlaft.no\/index.php?rest_route=\/wp\/v2\/types\/page"}],"author":[{"embeddable":true,"href":"https:\/\/www.sollidlaft.no\/index.php?rest_route=\/wp\/v2\/users\/1"}],"replies":[{"embeddable":true,"href":"https:\/\/www.sollidlaft.no\/index.php?rest_route=%2Fwp%2Fv2%2Fcomments&post=7"}],"version-history":[{"count":4,"href":"https:\/\/www.sollidlaft.no\/index.php?rest_route=\/wp\/v2\/pages\/7\/revisions"}],"predecessor-version":[{"id":219,"href":"https:\/\/www.sollidlaft.no\/index.php?rest_route=\/wp\/v2\/pages\/7\/revisions\/219"}],"wp:attachment":[{"href":"https:\/\/www.sollidlaft.no\/index.php?rest_route=%2Fwp%2Fv2%2Fmedia&parent=7"}],"curies":[{"name":"wp","href":"https:\/\/api.w.org\/{rel}","templated":true}]}}